{"id":5106,"date":"2019-05-10T15:24:01","date_gmt":"2019-05-10T13:24:01","guid":{"rendered":"https:\/\/sofpel.com\/association-sofpel\/"},"modified":"2023-11-06T21:40:05","modified_gmt":"2023-11-06T20:40:05","slug":"association-sofpel","status":"publish","type":"page","link":"https:\/\/sofpel.com\/en\/","title":{"rendered":"Francophone Society for Posture, Balance, and Gait"},"content":{"rendered":"<p>[et_pb_section fb_built=&#8221;1&#8243; _builder_version=&#8221;4.16&#8243; background_color=&#8221;#f2f4fb&#8221; width=&#8221;100%&#8221; max_width=&#8221;100%&#8221; module_alignment=&#8221;center&#8221; custom_margin=&#8221;||||false|false&#8221; custom_padding=&#8221;||0px||false|false&#8221; global_colors_info=&#8221;{}&#8221;][et_pb_row column_structure=&#8221;1_4,1_2,1_4&#8243; use_custom_gutter=&#8221;on&#8221; gutter_width=&#8221;2&#8243; _builder_version=&#8221;4.20.2&#8243; width=&#8221;100%&#8221; width_last_edited=&#8221;off|desktop&#8221; max_width=&#8221;85%&#8221; max_width_tablet=&#8221;75%&#8221; max_width_phone=&#8221;&#8221; max_width_last_edited=&#8221;on|desktop&#8221; custom_margin=&#8221;||0px||false|false&#8221; custom_padding=&#8221;0px||48px||false|false&#8221; border_color_all=&#8221;rgba(0,0,0,0)&#8221; global_colors_info=&#8221;{}&#8221; max_width__hover_enabled=&#8221;off|desktop&#8221; width__hover_enabled=&#8221;off|desktop&#8221;][et_pb_column type=&#8221;1_4&#8243; admin_label=&#8221;Colonne&#8221; _builder_version=&#8221;4.16&#8243; background_enable_color=&#8221;off&#8221; custom_padding=&#8221;||||false|false&#8221; custom_padding_tablet=&#8221;||||false|false&#8221; custom_padding_phone=&#8221;||||false|false&#8221; custom_padding_last_edited=&#8221;on|desktop&#8221; border_width_all=&#8221;6px&#8221; border_color_all=&#8221;#f2f4fb&#8221; global_colors_info=&#8221;{}&#8221;][\/et_pb_column][et_pb_column type=&#8221;1_2&#8243; admin_label=&#8221;Colonne&#8221; _builder_version=&#8221;4.16&#8243; global_colors_info=&#8221;{}&#8221;][et_pb_text _builder_version=&#8221;4.16&#8243; text_font=&#8221;Roboto||||||||&#8221; text_font_size=&#8221;17px&#8221; text_line_height=&#8221;1.2em&#8221; link_font=&#8221;Roboto||||||||&#8221; ul_font=&#8221;Roboto||||||||&#8221; ol_font=&#8221;Roboto||||||||&#8221; quote_font=&#8221;Roboto||||||||&#8221; header_font=&#8221;Roboto||||||||&#8221; header_2_font=&#8221;Roboto||||||||&#8221; header_3_font=&#8221;Roboto||||||||&#8221; header_4_font=&#8221;Roboto||||||||&#8221; header_5_font=&#8221;Roboto||||||||&#8221; header_6_font=&#8221;Roboto||||||||&#8221; background_size=&#8221;initial&#8221; background_position=&#8221;top_left&#8221; background_repeat=&#8221;repeat&#8221; global_colors_info=&#8221;{}&#8221;]<\/p>\n<p>Welcome to the website of the Soci\u00e9t\u00e9 Francophone Posture \u00c9quilibre et Locomotion &#8211; <abbr title=\"Francophone Society for Posture, Balance, and Gait\">SOFPEL<\/abbr>, whose aim is to promote the production and dissemination of knowledge in the field of movement analysis applied to health.<\/p>\n<p>[\/et_pb_text][et_pb_post_slider posts_number=&#8221;1&#8243; include_categories=&#8221;37&#8243; show_meta=&#8221;off&#8221; show_image=&#8221;off&#8221; use_bg_overlay=&#8221;off&#8221; use_text_overlay=&#8221;off&#8221; admin_label=&#8221;Curseur de d\u00e9filement des posts&#8221; _builder_version=&#8221;4.16&#8243; header_font=&#8221;Roboto|700|||||||&#8221; header_text_align=&#8221;left&#8221; body_font=&#8221;Roboto||||||||&#8221; body_text_align=&#8221;justify&#8221; body_font_size=&#8221;16px&#8221; meta_font=&#8221;Roboto||||||||&#8221; body_link_font=&#8221;Roboto||||||||&#8221; body_ul_font=&#8221;Roboto||||||||&#8221; body_ol_font=&#8221;Roboto||||||||&#8221; body_quote_font=&#8221;Roboto||||||||&#8221; background_color=&#8221;#ffffff&#8221; custom_button=&#8221;on&#8221; button_text_size=&#8221;13px&#8221; button_bg_color=&#8221;#194892&#8243; button_font=&#8221;Roboto||||||||&#8221; button_use_icon=&#8221;off&#8221; button_alignment=&#8221;right&#8221; background_layout=&#8221;light&#8221; max_width=&#8221;100%&#8221; module_alignment=&#8221;left&#8221; custom_margin=&#8221;||||true|false&#8221; custom_padding=&#8221;20px|0px|20px|0px|true|true&#8221; animation_style=&#8221;slide&#8221; hover_enabled=&#8221;0&#8243; header_font_size_tablet=&#8221;25px&#8221; header_font_size_phone=&#8221;&#8221; header_font_size_last_edited=&#8221;on|phone&#8221; box_shadow_style=&#8221;preset3&#8243; box_shadow_vertical=&#8221;6px&#8221; box_shadow_blur=&#8221;17px&#8221; box_shadow_spread=&#8221;-4px&#8221; global_colors_info=&#8221;{}&#8221; sticky_enabled=&#8221;0&#8243; locked=&#8221;off&#8221;][\/et_pb_post_slider][\/et_pb_column][et_pb_column type=&#8221;1_4&#8243; admin_label=&#8221;Colonne&#8221; _builder_version=&#8221;4.16&#8243; background_enable_color=&#8221;off&#8221; custom_padding=&#8221;||||false|false&#8221; custom_padding_tablet=&#8221;||||false|false&#8221; custom_padding_phone=&#8221;||||false|false&#8221; custom_padding_last_edited=&#8221;on|desktop&#8221; border_width_all=&#8221;6px&#8221; border_color_all=&#8221;#f2f4fb&#8221; global_colors_info=&#8221;{}&#8221; custom_padding__hover_enabled=&#8221;off|desktop&#8221;][\/et_pb_column][\/et_pb_row][\/et_pb_section]<\/p>\n","protected":false},"excerpt":{"rendered":"<p>Welcome to the website of the Soci\u00e9t\u00e9 Francophone Posture \u00c9quilibre et Locomotion &#8211; SOFPEL, whose aim is to promote the production and dissemination of knowledge in the field of movement analysis applied to health.<\/p>\n","protected":false},"author":21,"featured_media":4673,"parent":0,"menu_order":0,"comment_status":"closed","ping_status":"closed","template":"","meta":{"_et_pb_use_builder":"on","_et_pb_old_content":"","_et_gb_content_width":"","footnotes":""},"class_list":["post-5106","page","type-page","status-publish","has-post-thumbnail","hentry"],"jetpack_sharing_enabled":true,"_links":{"self":[{"href":"https:\/\/sofpel.com\/en\/wp-json\/wp\/v2\/pages\/5106","targetHints":{"allow":["GET"]}}],"collection":[{"href":"https:\/\/sofpel.com\/en\/wp-json\/wp\/v2\/pages"}],"about":[{"href":"https:\/\/sofpel.com\/en\/wp-json\/wp\/v2\/types\/page"}],"author":[{"embeddable":true,"href":"https:\/\/sofpel.com\/en\/wp-json\/wp\/v2\/users\/21"}],"replies":[{"embeddable":true,"href":"https:\/\/sofpel.com\/en\/wp-json\/wp\/v2\/comments?post=5106"}],"version-history":[{"count":5,"href":"https:\/\/sofpel.com\/en\/wp-json\/wp\/v2\/pages\/5106\/revisions"}],"predecessor-version":[{"id":5310,"href":"https:\/\/sofpel.com\/en\/wp-json\/wp\/v2\/pages\/5106\/revisions\/5310"}],"wp:featuredmedia":[{"embeddable":true,"href":"https:\/\/sofpel.com\/en\/wp-json\/wp\/v2\/media\/4673"}],"wp:attachment":[{"href":"https:\/\/sofpel.com\/en\/wp-json\/wp\/v2\/media?parent=5106"}],"curies":[{"name":"wp","href":"https:\/\/api.w.org\/{rel}","templated":true}]}}